{"id":207,"date":"2017-07-03T03:34:34","date_gmt":"2017-07-03T03:34:34","guid":{"rendered":"https:\/\/demo.harutheme.com\/circle\/?page_id=207"},"modified":"2024-04-09T09:52:28","modified_gmt":"2024-04-09T09:52:28","slug":"home","status":"publish","type":"page","link":"https:\/\/recformedia.com\/","title":{"rendered":"Inicio"},"content":{"rendered":"<div class=\"wpb-content-wrapper\"><p>[vc_row][vc_column][vc_row_inner][vc_column_inner][rev_slider_vc alias=\u00bbhome-2&#8243;][\/vc_column_inner][\/vc_row_inner][\/vc_column][\/vc_row][vc_row full_width=\u00bbstretch_row\u00bb content_placement=\u00bbmiddle\u00bb css=\u00bb.vc_custom_1711056865339{background-color: #ffffff !important;}\u00bb][vc_column width=\u00bb1\/6&#8243;][\/vc_column][vc_column width=\u00bb2\/3&#8243; offset=\u00bbvc_hidden-lg vc_hidden-md vc_hidden-sm\u00bb][vc_single_image image=\u00bb2826&#8243; img_size=\u00bbfull\u00bb alignment=\u00bbcenter\u00bb][vc_custom_heading text=\u00bbProductora audiovisual especializada en crear contenido para marcas, empresas y eventos.<br \/>\nComo productora ofrecemos una gran variedad de servicios tanto a nivel nacional como internacional,<br \/>\ncubriendo servicios de v\u00eddeo, foto y filmaci\u00f3n a\u00e9rea.<\/p>\n<p>Esto es gracias a un equipo de personas que les apasiona su trabajo con el objetivo de convertir cada proyecto en contenido de calidad.<\/p>\n<p>\u00bfTe gustar\u00eda conocernos y saber m\u00e1s?\u00bb font_container=\u00bbtag:h2|font_size:18|text_align:center|color:%230a0a0a\u00bb google_fonts=\u00bbfont_family:Roboto%3A100%2C100italic%2C300%2C300italic%2Cregular%2Citalic%2C500%2C500italic%2C700%2C700italic%2C900%2C900italic|font_style:500%20bold%20regular%3A500%3Anormal\u00bb][vc_separator color=\u00bbwhite\u00bb][vc_btn title=\u00bbAgendar una reuni\u00f3n\u00bb style=\u00bboutline-custom\u00bb outline_custom_color=\u00bb#0a0a0a\u00bb outline_custom_hover_background=\u00bb#0a0a0a\u00bb outline_custom_hover_text=\u00bb#ffffff\u00bb shape=\u00bbround\u00bb size=\u00bblg\u00bb align=\u00bbcenter\u00bb link=\u00bburl:https%3A%2F%2F3blocksproductions.com%2Fcontact-us%2F|title:Contact%20Us\u00bb][\/vc_column][vc_column width=\u00bb1\/6&#8243;][\/vc_column][\/vc_row][vc_row full_width=\u00bbstretch_row\u00bb content_placement=\u00bbmiddle\u00bb css=\u00bb.vc_custom_1711056865339{background-color: #ffffff !important;}\u00bb][vc_column width=\u00bb1\/6&#8243;][\/vc_column][vc_column width=\u00bb2\/3&#8243; offset=\u00bbvc_hidden-xs\u00bb]                        <div class=\" wpb_animate_when_almost_visible haru-css-animation wpb_fadeIn \">\n                <div class=\"clients-shortcode-wrapper style_1 \">\n    <div class=\"haru-carousel clients-list owl-carousel owl-theme\"\n        data-items=\"7\"\n        data-items-tablet=\"3\"\n        data-items-mobile=\"2\"\n        data-margin=\"20\"\n        data-autoplay=\"false\"\n        data-slide-duration=\"3000\"\n    >\n                <div class=\"client-item\">\n                    <img decoding=\"async\" src=\"https:\/\/recformedia.com\/wp-content\/uploads\/2024\/03\/Zegna-1.png\" alt=\"Zegna\">\n                <\/div>\n                <div class=\"client-item\">\n                    <img decoding=\"async\" src=\"https:\/\/recformedia.com\/wp-content\/uploads\/2024\/03\/Dominnico.png\" alt=\"Dominnico\">\n                <\/div>\n                <div class=\"client-item\">\n                    <img decoding=\"async\" src=\"https:\/\/recformedia.com\/wp-content\/uploads\/2024\/03\/Elite.png\" alt=\"Elite\">\n                <\/div>\n                <div class=\"client-item\">\n                    <img decoding=\"async\" src=\"https:\/\/recformedia.com\/wp-content\/uploads\/2024\/03\/Circulo.png\" alt=\"Circulo ecuestre\">\n                <\/div>\n                <div class=\"client-item\">\n                    <img decoding=\"async\" src=\"https:\/\/recformedia.com\/wp-content\/uploads\/2024\/03\/Aloha.png\" alt=\"Aloha Poke\">\n                <\/div>\n                <div class=\"client-item\">\n                    <img decoding=\"async\" src=\"https:\/\/recformedia.com\/wp-content\/uploads\/2024\/03\/CheckpointSystems-1.png\" alt=\"Checkpoint Systems\">\n                <\/div>\n                <div class=\"client-item\">\n                    <img decoding=\"async\" src=\"https:\/\/recformedia.com\/wp-content\/uploads\/2024\/03\/Accura.png\" alt=\"Accura\">\n                <\/div>\n                <div class=\"client-item\">\n                    <img decoding=\"async\" src=\"https:\/\/recformedia.com\/wp-content\/uploads\/2024\/03\/DavidLloyd.png\" alt=\"David Lloyd Club\">\n                <\/div>\n                <div class=\"client-item\">\n                    <img decoding=\"async\" src=\"https:\/\/recformedia.com\/wp-content\/uploads\/2024\/04\/Montibello.png\" alt=\"Montibello\">\n                <\/div>\n            <\/div>\n<\/div>            <\/div>\n                    [vc_separator color=\u00bbwhite\u00bb][\/vc_column][vc_column width=\u00bb1\/6&#8243;][\/vc_column][\/vc_row][vc_row][vc_column width=\u00bb1\/4&#8243;][\/vc_column][vc_column css_animation=\u00bbwpb_fadeIn\u00bb width=\u00bb1\/2&#8243; offset=\u00bbvc_hidden-xs\u00bb][vc_custom_heading text=\u00bbProductora audiovisual especializada en crear contenido para marcas, empresas y eventos.<br \/>\nComo productora ofrecemos una gran variedad de servicios tanto a nivel nacional como internacional,<br \/>\ncubriendo servicios de v\u00eddeo, foto y filmaci\u00f3n a\u00e9rea.<\/p>\n<p>Esto es gracias a un equipo de personas que les apasiona su trabajo con el objetivo de convertir cada proyecto en contenido de calidad.<\/p>\n<p>\u00bfTe gustar\u00eda conocernos y saber m\u00e1s?\u00bb font_container=\u00bbtag:h2|font_size:18|text_align:center|color:%230a0a0a|line_height:1.3&#8243; google_fonts=\u00bbfont_family:Roboto%3A100%2C100italic%2C300%2C300italic%2Cregular%2Citalic%2C500%2C500italic%2C700%2C700italic%2C900%2C900italic|font_style:400%20regular%3A400%3Anormal\u00bb][vc_separator color=\u00bbwhite\u00bb][vc_btn title=\u00bbAgendar una reuni\u00f3n\u00bb style=\u00bboutline-custom\u00bb outline_custom_color=\u00bb#0a0a0a\u00bb outline_custom_hover_background=\u00bb#0a0a0a\u00bb outline_custom_hover_text=\u00bb#ffffff\u00bb shape=\u00bbround\u00bb size=\u00bblg\u00bb align=\u00bbcenter\u00bb link=\u00bburl:https%3A%2F%2F3blocksproductions.com%2Fcontact-us%2F|title:Contacta\u00bb][\/vc_column][vc_column width=\u00bb1\/4&#8243; offset=\u00bbvc_col-xs-offset-1 vc_col-xs-4\/5&#8243;][\/vc_column][\/vc_row][vc_row][vc_column][vc_separator color=\u00bbwhite\u00bb]\n            <div class=\" \">\n                <div class=\"portfolio-shortcode-wrap landscape \"\n    data-filter-style=\"filter-isotope\"\n    data-sc-id=\"69f4ace06ab76\"\n    >\n    <div class=\"portfolio\">\n        <!-- Portfolio Filter -->\n        \n        <!-- Portfolio Wrap -->\n        <div class=\"portfolio-wrapper haru-col-3 col-padding-5 landscape\" \n            id=\"portfolio-69f4ace06ab76\"\n            data-columns=\"3\">\n                            \n<div class=\"portfolio-item \" onclick=\"void(0)\">\n    <!-- Title top -->\n    \n    <div class=\"portfolio-thumbnail icon-only\">\n    <img decoding=\"async\" src=\"https:\/\/recformedia.com\/wp-content\/uploads\/2024\/04\/Miniatura_China-1000x500.png\" alt=\"Gala 70 Aniversario Rep\u00fablica Popular de China\"\/>\n    <div class=\"portfolio-thumbnail-hover\">\n        <a href=\"https:\/\/www.youtube.com\/watch?v=yXCou-oRUkU\" title=\"<a href='https:\/\/recformedia.com\/?haru_portfolio=gala-70-aniversario-republica-popular-de-china'>Gala 70 Aniversario Rep\u00fablica Popular de China<\/a>\" class=\"hover-icon portfolio-video-popup\">            <i class=\"fa fa-play-circle\"><\/i>        <\/a>\n    <\/div>\n<\/div>\n    <!-- Title bottom -->\n    \n    <!-- @TODO: process media type -->\n    <div style=\"display: none\">\n    <\/div><\/div>\n                            \n<div class=\"portfolio-item \" onclick=\"void(0)\">\n    <!-- Title top -->\n    \n    <div class=\"portfolio-thumbnail icon-only\">\n    <img decoding=\"async\" src=\"https:\/\/recformedia.com\/wp-content\/uploads\/2024\/04\/Miniatura_Harto-1000x500.png\" alt=\"Harto x Belvedere Museum\"\/>\n    <div class=\"portfolio-thumbnail-hover\">\n        <a href=\"https:\/\/www.youtube.com\/watch?v=zKRacGAa5Vw\" title=\"<a href='https:\/\/recformedia.com\/?haru_portfolio=harto-x-belvedere-museum'>Harto x Belvedere Museum<\/a>\" class=\"hover-icon portfolio-video-popup\">            <i class=\"fa fa-play-circle\"><\/i>        <\/a>\n    <\/div>\n<\/div>\n    <!-- Title bottom -->\n    \n    <!-- @TODO: process media type -->\n    <div style=\"display: none\">\n    <\/div><\/div>\n                            \n<div class=\"portfolio-item \" onclick=\"void(0)\">\n    <!-- Title top -->\n    \n    <div class=\"portfolio-thumbnail icon-only\">\n    <img decoding=\"async\" src=\"https:\/\/recformedia.com\/wp-content\/uploads\/2024\/04\/Miniatura_Montibello-1000x500.png\" alt=\"Montibello\"\/>\n    <div class=\"portfolio-thumbnail-hover\">\n        <a href=\"https:\/\/www.youtube.com\/watch?v=tr3I4Pkif0s\" title=\"<a href='https:\/\/recformedia.com\/?haru_portfolio=montibello'>Montibello<\/a>\" class=\"hover-icon portfolio-video-popup\">            <i class=\"fa fa-play-circle\"><\/i>        <\/a>\n    <\/div>\n<\/div>\n    <!-- Title bottom -->\n    \n    <!-- @TODO: process media type -->\n    <div style=\"display: none\">\n    <\/div><\/div>\n                            \n<div class=\"portfolio-item \" onclick=\"void(0)\">\n    <!-- Title top -->\n    \n    <div class=\"portfolio-thumbnail icon-only\">\n    <img decoding=\"async\" src=\"https:\/\/recformedia.com\/wp-content\/uploads\/2024\/04\/Miniatura_Aloha-1000x500.png\" alt=\"Aloha Pok\u00e9\"\/>\n    <div class=\"portfolio-thumbnail-hover\">\n        <a href=\"https:\/\/www.youtube.com\/watch?v=WSngn-KW-b0\" title=\"<a href='https:\/\/recformedia.com\/?haru_portfolio=aloha-poke'>Aloha Pok\u00e9<\/a>\" class=\"hover-icon portfolio-video-popup\">            <i class=\"fa fa-play-circle\"><\/i>        <\/a>\n    <\/div>\n<\/div>\n    <!-- Title bottom -->\n    \n    <!-- @TODO: process media type -->\n    <div style=\"display: none\">\n    <\/div><\/div>\n                            \n<div class=\"portfolio-item \" onclick=\"void(0)\">\n    <!-- Title top -->\n    \n    <div class=\"portfolio-thumbnail icon-only\">\n    <img decoding=\"async\" src=\"https:\/\/recformedia.com\/wp-content\/uploads\/2024\/04\/Miniatura_RichList-1000x500.png\" alt=\"The Rich List &#8211; Yannimize Grand Tour\"\/>\n    <div class=\"portfolio-thumbnail-hover\">\n        <a href=\"https:\/\/www.youtube.com\/watch?v=BidteZP64Wk\" title=\"<a href='https:\/\/recformedia.com\/?haru_portfolio=the-rich-list-yannimize-grand-tour'>The Rich List &#8211; Yannimize Grand Tour<\/a>\" class=\"hover-icon portfolio-video-popup\">            <i class=\"fa fa-play-circle\"><\/i>        <\/a>\n    <\/div>\n<\/div>\n    <!-- Title bottom -->\n    \n    <!-- @TODO: process media type -->\n    <div style=\"display: none\">\n    <\/div><\/div>\n                            \n<div class=\"portfolio-item \" onclick=\"void(0)\">\n    <!-- Title top -->\n    \n    <div class=\"portfolio-thumbnail icon-only\">\n    <img decoding=\"async\" src=\"https:\/\/recformedia.com\/wp-content\/uploads\/2024\/04\/Miniatura_Goggo-1000x500.png\" alt=\"Goggo Network\"\/>\n    <div class=\"portfolio-thumbnail-hover\">\n        <a href=\"https:\/\/www.youtube.com\/watch?v=Erq0AMkAKxg\" title=\"<a href='https:\/\/recformedia.com\/?haru_portfolio=goggo-network'>Goggo Network<\/a>\" class=\"hover-icon portfolio-video-popup\">            <i class=\"fa fa-play-circle\"><\/i>        <\/a>\n    <\/div>\n<\/div>\n    <!-- Title bottom -->\n    \n    <!-- @TODO: process media type -->\n    <div style=\"display: none\">\n    <\/div><\/div>\n                            \n<div class=\"portfolio-item \" onclick=\"void(0)\">\n    <!-- Title top -->\n    \n    <div class=\"portfolio-thumbnail icon-only\">\n    <img decoding=\"async\" src=\"https:\/\/recformedia.com\/wp-content\/uploads\/2024\/04\/Miniatura_Zegna-1000x500.png\" alt=\"Zegna x Maserati\"\/>\n    <div class=\"portfolio-thumbnail-hover\">\n        <a href=\"https:\/\/www.youtube.com\/watch?v=AzRj12BnZLg\" title=\"<a href='https:\/\/recformedia.com\/?haru_portfolio=zegna-x-maserati'>Zegna x Maserati<\/a>\" class=\"hover-icon portfolio-video-popup\">            <i class=\"fa fa-play-circle\"><\/i>        <\/a>\n    <\/div>\n<\/div>\n    <!-- Title bottom -->\n    \n    <!-- @TODO: process media type -->\n    <div style=\"display: none\">\n    <\/div><\/div>\n                            \n<div class=\"portfolio-item \" onclick=\"void(0)\">\n    <!-- Title top -->\n    \n    <div class=\"portfolio-thumbnail icon-only\">\n    <img decoding=\"async\" src=\"https:\/\/recformedia.com\/wp-content\/uploads\/2024\/04\/Miniatura_FerrerOjeda-1000x500.png\" alt=\"Ferrer &#038; Ojeda &#8211; Aftermovie\"\/>\n    <div class=\"portfolio-thumbnail-hover\">\n        <a href=\"https:\/\/www.youtube.com\/watch?v=dkecIMZxC08\" title=\"<a href='https:\/\/recformedia.com\/?haru_portfolio=ferrerojeda-aftermovie'>Ferrer &#038; Ojeda &#8211; Aftermovie<\/a>\" class=\"hover-icon portfolio-video-popup\">            <i class=\"fa fa-play-circle\"><\/i>        <\/a>\n    <\/div>\n<\/div>\n    <!-- Title bottom -->\n    \n    <!-- @TODO: process media type -->\n    <div style=\"display: none\">\n    <\/div><\/div>\n                            \n<div class=\"portfolio-item \" onclick=\"void(0)\">\n    <!-- Title top -->\n    \n    <div class=\"portfolio-thumbnail icon-only\">\n    <img decoding=\"async\" src=\"https:\/\/recformedia.com\/wp-content\/uploads\/2024\/04\/Miniatura_Exclusive-1000x500.png\" alt=\"Exclusive Tour &#8211; Hotel W Barcelona Route\"\/>\n    <div class=\"portfolio-thumbnail-hover\">\n        <a href=\"https:\/\/www.youtube.com\/watch?v=ZpOPvBwHTNQ\" title=\"<a href='https:\/\/recformedia.com\/?haru_portfolio=exclusive-tour-hotel-w-barcelona-route'>Exclusive Tour &#8211; Hotel W Barcelona Route<\/a>\" class=\"hover-icon portfolio-video-popup\">            <i class=\"fa fa-play-circle\"><\/i>        <\/a>\n    <\/div>\n<\/div>\n    <!-- Title bottom -->\n    \n    <!-- @TODO: process media type -->\n    <div style=\"display: none\">\n    <\/div><\/div>\n                            \n<div class=\"portfolio-item \" onclick=\"void(0)\">\n    <!-- Title top -->\n    \n    <div class=\"portfolio-thumbnail icon-only\">\n    <img decoding=\"async\" src=\"https:\/\/recformedia.com\/wp-content\/uploads\/2024\/04\/Miniatura_Indoamble-1-1000x500.png\" alt=\"Indomable &#8211; Fashion Film\"\/>\n    <div class=\"portfolio-thumbnail-hover\">\n        <a href=\"https:\/\/www.youtube.com\/watch?v=hsFXLb60CJ0\" title=\"<a href='https:\/\/recformedia.com\/?haru_portfolio=indomable-fashion-film'>Indomable &#8211; Fashion Film<\/a>\" class=\"hover-icon portfolio-video-popup\">            <i class=\"fa fa-play-circle\"><\/i>        <\/a>\n    <\/div>\n<\/div>\n    <!-- Title bottom -->\n    \n    <!-- @TODO: process media type -->\n    <div style=\"display: none\">\n    <\/div><\/div>\n                            \n<div class=\"portfolio-item \" onclick=\"void(0)\">\n    <!-- Title top -->\n    \n    <div class=\"portfolio-thumbnail icon-only\">\n    <img decoding=\"async\" src=\"https:\/\/recformedia.com\/wp-content\/uploads\/2024\/04\/Miniatura_Accura-1000x500.png\" alt=\"Accura Gym Aftermovie\"\/>\n    <div class=\"portfolio-thumbnail-hover\">\n        <a href=\"https:\/\/www.youtube.com\/watch?v=je3lrUI5gTo\" title=\"<a href='https:\/\/recformedia.com\/?haru_portfolio=accura-gym'>Accura Gym Aftermovie<\/a>\" class=\"hover-icon portfolio-video-popup\">            <i class=\"fa fa-play-circle\"><\/i>        <\/a>\n    <\/div>\n<\/div>\n    <!-- Title bottom -->\n    \n    <!-- @TODO: process media type -->\n    <div style=\"display: none\">\n    <\/div><\/div>\n                            \n<div class=\"portfolio-item \" onclick=\"void(0)\">\n    <!-- Title top -->\n    \n    <div class=\"portfolio-thumbnail icon-only\">\n    <img decoding=\"async\" src=\"https:\/\/recformedia.com\/wp-content\/uploads\/2024\/04\/Royal_Cub-1000x500.png\" alt=\"Royal Club\"\/>\n    <div class=\"portfolio-thumbnail-hover\">\n        <a href=\"https:\/\/www.youtube.com\/watch?v=Fg02BVXEunY\" title=\"<a href='https:\/\/recformedia.com\/?haru_portfolio=royal-club'>Royal Club<\/a>\" class=\"hover-icon portfolio-video-popup\">            <i class=\"fa fa-play-circle\"><\/i>        <\/a>\n    <\/div>\n<\/div>\n    <!-- Title bottom -->\n    \n    <!-- @TODO: process media type -->\n    <div style=\"display: none\">\n    <\/div><\/div>\n                            \n<div class=\"portfolio-item \" onclick=\"void(0)\">\n    <!-- Title top -->\n    \n    <div class=\"portfolio-thumbnail icon-only\">\n    <img decoding=\"async\" src=\"https:\/\/recformedia.com\/wp-content\/uploads\/2024\/03\/Miniatura_Masquerade-1000x500.png\" alt=\"Masquerade &#8211; C\u00edrculo Ecuestre Barcelona\"\/>\n    <div class=\"portfolio-thumbnail-hover\">\n        <a href=\"https:\/\/www.youtube.com\/watch?v=atd2y62WFh4\" title=\"<a href='https:\/\/recformedia.com\/?haru_portfolio=masquerade-circulo-ecuestre-barcelona'>Masquerade &#8211; C\u00edrculo Ecuestre Barcelona<\/a>\" class=\"hover-icon portfolio-video-popup\">            <i class=\"fa fa-play-circle\"><\/i>        <\/a>\n    <\/div>\n<\/div>\n    <!-- Title bottom -->\n    \n    <!-- @TODO: process media type -->\n    <div style=\"display: none\">\n    <\/div><\/div>\n                            \n<div class=\"portfolio-item \" onclick=\"void(0)\">\n    <!-- Title top -->\n    \n    <div class=\"portfolio-thumbnail icon-only\">\n    <img decoding=\"async\" src=\"https:\/\/recformedia.com\/wp-content\/uploads\/2024\/03\/Miniatura_HermanosTorres-1000x500.png\" alt=\"Cocina Hermanos Torres\"\/>\n    <div class=\"portfolio-thumbnail-hover\">\n        <a href=\"https:\/\/www.youtube.com\/watch?v=O12EdsBkZ3k\" title=\"<a href='https:\/\/recformedia.com\/?haru_portfolio=cocina-hermanos-torres'>Cocina Hermanos Torres<\/a>\" class=\"hover-icon portfolio-video-popup\">            <i class=\"fa fa-play-circle\"><\/i>        <\/a>\n    <\/div>\n<\/div>\n    <!-- Title bottom -->\n    \n    <!-- @TODO: process media type -->\n    <div style=\"display: none\">\n    <\/div><\/div>\n                            \n<div class=\"portfolio-item \" onclick=\"void(0)\">\n    <!-- Title top -->\n    \n    <div class=\"portfolio-thumbnail icon-only\">\n    <img decoding=\"async\" src=\"https:\/\/recformedia.com\/wp-content\/uploads\/2024\/03\/Miniatura_BBFW-1000x500.png\" alt=\"Bridal Fashion Week Barcelona\"\/>\n    <div class=\"portfolio-thumbnail-hover\">\n        <a href=\"https:\/\/www.youtube.com\/watch?v=e3X3-t0BQSw\" title=\"<a href='https:\/\/recformedia.com\/?haru_portfolio=barcelona-bridal-fashion-week'>Bridal Fashion Week Barcelona<\/a>\" class=\"hover-icon portfolio-video-popup\">            <i class=\"fa fa-play-circle\"><\/i>        <\/a>\n    <\/div>\n<\/div>\n    <!-- Title bottom -->\n    \n    <!-- @TODO: process media type -->\n    <div style=\"display: none\">\n    <\/div><\/div>\n                    <\/div>\n\n        <!-- Pagination -->\n            <\/div>\n<\/div>            <\/div>\n\n            [\/vc_column][\/vc_row]<\/p>\n<\/div>","protected":false},"excerpt":{"rendered":"<p>[vc_row][vc_column][vc_row_inner][vc_column_inner][rev_slider_vc alias=\u00bbhome-2&#8243;][\/vc_column_inner][\/vc_row_inner][\/vc_column][\/vc_row][vc_row full_width=\u00bbstretch_row\u00bb content_placement=\u00bbmiddle\u00bb css=\u00bb.vc_custom_1711056865339{background-color: #ffffff !important;}\u00bb][vc_column width=\u00bb1\/6&#8243;][\/vc_column][vc_column width=\u00bb2\/3&#8243; offset=\u00bbvc_hidden-lg vc_hidden-md vc_hidden-sm\u00bb][vc_single_image image=\u00bb2826&#8243; img_size=\u00bbfull\u00bb alignment=\u00bbcenter\u00bb][vc_custom_heading text=\u00bbProductora audiovisual especializada en crear contenido para marcas, empresas y eventos. Como productora ofrecemos una gran variedad de servicios tanto a nivel nacional como internacional, cubriendo servicios de v\u00eddeo, foto y filmaci\u00f3n a\u00e9rea. Esto es gracias a un equipo de [&hellip;]<\/p>\n","protected":false},"author":2,"featured_media":0,"parent":0,"menu_order":0,"comment_status":"closed","ping_status":"closed","template":"","meta":{"footnotes":""},"class_list":["post-207","page","type-page","status-publish","hentry","clearfix"],"_links":{"self":[{"href":"https:\/\/recformedia.com\/index.php?rest_route=\/wp\/v2\/pages\/207"}],"collection":[{"href":"https:\/\/recformedia.com\/index.php?rest_route=\/wp\/v2\/pages"}],"about":[{"href":"https:\/\/recformedia.com\/index.php?rest_route=\/wp\/v2\/types\/page"}],"author":[{"embeddable":true,"href":"https:\/\/recformedia.com\/index.php?rest_route=\/wp\/v2\/users\/2"}],"replies":[{"embeddable":true,"href":"https:\/\/recformedia.com\/index.php?rest_route=%2Fwp%2Fv2%2Fcomments&post=207"}],"version-history":[{"count":87,"href":"https:\/\/recformedia.com\/index.php?rest_route=\/wp\/v2\/pages\/207\/revisions"}],"predecessor-version":[{"id":3075,"href":"https:\/\/recformedia.com\/index.php?rest_route=\/wp\/v2\/pages\/207\/revisions\/3075"}],"wp:attachment":[{"href":"https:\/\/recformedia.com\/index.php?rest_route=%2Fwp%2Fv2%2Fmedia&parent=207"}],"curies":[{"name":"wp","href":"https:\/\/api.w.org\/{rel}","templated":true}]}}