{"id":2407,"date":"2024-04-08T14:29:27","date_gmt":"2024-04-08T14:29:27","guid":{"rendered":"https:\/\/demo.harutheme.com\/circle\/?page_id=2407"},"modified":"2024-11-13T16:50:27","modified_gmt":"2024-11-13T16:50:27","slug":"aviso-legal","status":"publish","type":"page","link":"https:\/\/recformedia.com\/?page_id=2407","title":{"rendered":"Aviso legal"},"content":{"rendered":"\n<h3 class=\"wp-block-heading\">Terminos y condiciones para la protecci\u00f3n de tus derechos&nbsp;<\/h3>\n\n\n\n<p><strong>Aviso Legal &#8211; Recformedia Productions S.L.<\/strong><\/p>\n\n\n\n<p>Bienvenido\/a a <strong>Recformedia Productions S.L.<\/strong>, un servicio de producci\u00f3n audiovisual proporcionado por la marca comercial Recformedia, en adelante, la Empresa.&nbsp;<\/p>\n\n\n\n<p>A continuaci\u00f3n, se presentan los t\u00e9rminos y condiciones que rigen el uso de nuestro sitio web&nbsp;<a href=\"http:\/\/www.recformedia.com\/\" data-type=\"link\" data-id=\"http:\/\/www.recformedia.com\/\" target=\"_blank\" rel=\"noreferrer noopener\">www.recformedia.com<\/a>&nbsp;y los servicios relacionados.<\/p>\n\n\n\n<p><strong>1. Propiedad del Sitio Web<\/strong><\/p>\n\n\n\n<p>Este sitio web y todos sus contenidos son propiedad de forma directa e indirecta de Recformedia Productions S.L. <\/p>\n\n\n\n<p>Todos los derechos est\u00e1n reservados. Queda prohibida la reproducci\u00f3n, distribuci\u00f3n o modificaci\u00f3n sin el consentimiento previo por escrito de la Empresa.<\/p>\n\n\n\n<p><strong>2. Uso del Sitio<\/strong><\/p>\n\n\n\n<p>El uso de este sitio web est\u00e1 sujeto a los siguientes t\u00e9rminos de uso:<\/p>\n\n\n\n<ul class=\"wp-block-list\">\n<li>La informaci\u00f3n proporcionada en este sitio es solo para fines informativos y no constituye asesoramiento profesional.<\/li>\n\n\n\n<li>Nos reservamos el derecho de modificar o discontinuar cualquier aspecto del sitio en cualquier momento sin previo aviso.<\/li>\n<\/ul>\n\n\n\n<p><strong>3. Propiedad Intelectual<\/strong><\/p>\n\n\n\n<p>Todos los derechos de propiedad intelectual sobre el contenido de este sitio web pertenecen a la Empresa, a menos que se indique lo contrario. Esto incluye, pero no se limita a, textos, gr\u00e1ficos, logotipos, im\u00e1genes y software.<\/p>\n\n\n\n<p><strong>4. Enlaces a Terceros<\/strong><\/p>\n\n\n\n<p>Este sitio puede contener enlaces a sitios web de terceros. No nos hacemos responsables de la exactitud, relevancia, disponibilidad o seguridad de estos sitios enlazados. El uso de enlaces a sitios web de terceros es bajo tu propio riesgo.<\/p>\n\n\n\n<p><strong>5. Limitaci\u00f3n de Responsabilidad<\/strong><\/p>\n\n\n\n<p>La Empresa no se hace responsable de cualquier da\u00f1o directo, indirecto, incidental, especial, consecuente u otros da\u00f1os resultantes del uso o la imposibilidad de utilizar este sitio web o sus contenidos.<\/p>\n\n\n\n<p><strong>6. Cambios en el Aviso Legal<\/strong><\/p>\n\n\n\n<p>Nos reservamos el derecho de actualizar este Aviso Legal en cualquier momento. Te recomendamos revisar esta p\u00e1gina peri\u00f3dicamente para estar al tanto de cualquier cambio.<\/p>\n\n\n\n<p><strong>7. Ley Aplicable<\/strong><\/p>\n\n\n\n<p>Este Aviso Legal se rige por las leyes del pa\u00eds de residencia de la empresa, Espa\u00f1a. Cualquier disputa relacionada con este aviso estar\u00e1 sujeta a la jurisdicci\u00f3n exclusiva de los tribunales del mismo pais.<\/p>\n\n\n\n<p><strong>8. Contacto<\/strong><\/p>\n\n\n\n<p>Si tienes alguna pregunta o comentario sobre este Aviso Legal, puedes contactarnos en info@recformedia.com o pulsando en el siguiente bot\u00f3n&nbsp;<\/p>\n\n\n\n<p>Fecha de entrada en vigor: 2024<\/p>\n","protected":false},"excerpt":{"rendered":"<p>Terminos y condiciones para la protecci\u00f3n de tus derechos&nbsp; Aviso Legal &#8211; Recformedia Productions S.L. Bienvenido\/a a Recformedia Productions S.L., un servicio de producci\u00f3n audiovisual proporcionado por la marca comercial Recformedia, en adelante, la Empresa.&nbsp; A continuaci\u00f3n, se presentan los t\u00e9rminos y condiciones que rigen el uso de nuestro sitio web&nbsp;www.recformedia.com&nbsp;y los servicios relacionados. 1. [&hellip;]<\/p>\n","protected":false},"author":1,"featured_media":0,"parent":0,"menu_order":0,"comment_status":"closed","ping_status":"closed","template":"","meta":{"footnotes":""},"class_list":["post-2407","page","type-page","status-publish","hentry","clearfix"],"_links":{"self":[{"href":"https:\/\/recformedia.com\/index.php?rest_route=\/wp\/v2\/pages\/2407"}],"collection":[{"href":"https:\/\/recformedia.com\/index.php?rest_route=\/wp\/v2\/pages"}],"about":[{"href":"https:\/\/recformedia.com\/index.php?rest_route=\/wp\/v2\/types\/page"}],"author":[{"embeddable":true,"href":"https:\/\/recformedia.com\/index.php?rest_route=\/wp\/v2\/users\/1"}],"replies":[{"embeddable":true,"href":"https:\/\/recformedia.com\/index.php?rest_route=%2Fwp%2Fv2%2Fcomments&post=2407"}],"version-history":[{"count":6,"href":"https:\/\/recformedia.com\/index.php?rest_route=\/wp\/v2\/pages\/2407\/revisions"}],"predecessor-version":[{"id":3130,"href":"https:\/\/recformedia.com\/index.php?rest_route=\/wp\/v2\/pages\/2407\/revisions\/3130"}],"wp:attachment":[{"href":"https:\/\/recformedia.com\/index.php?rest_route=%2Fwp%2Fv2%2Fmedia&parent=2407"}],"curies":[{"name":"wp","href":"https:\/\/api.w.org\/{rel}","templated":true}]}}