{"id":2867,"date":"2024-04-01T20:13:08","date_gmt":"2024-04-01T20:13:08","guid":{"rendered":"https:\/\/3blocksproductions.com\/?page_id=2867"},"modified":"2024-04-11T15:22:56","modified_gmt":"2024-04-11T15:22:56","slug":"transmision-directo","status":"publish","type":"page","link":"https:\/\/recformedia.com\/?page_id=2867","title":{"rendered":"Transmisi\u00f3n en vivo (Streaming)"},"content":{"rendered":"<div class=\"wpb-content-wrapper\"><p>[vc_row][vc_column width=\u00bb1\/3&#8243;][\/vc_column][vc_column width=\u00bb1\/3&#8243;][vc_custom_heading heading_style=\u00bbheading_style_1&#8243; text=\u00bbTransmisi\u00f3n en vivo (Live Streaming)\u00bb font_container=\u00bbtag:h1|font_size:30|text_align:left|color:%230a0a0a\u00bb google_fonts=\u00bbfont_family:Roboto%3A100%2C100italic%2C300%2C300italic%2Cregular%2Citalic%2C500%2C500italic%2C700%2C700italic%2C900%2C900italic|font_style:700%20bold%20regular%3A700%3Anormal\u00bb][vc_custom_heading text=\u00bbEsta opci\u00f3n te permite conectarte instant\u00e1neamente con tu audiencia en tiempo real y de forma online a trav\u00e9s de plataformas digitales.<br \/>\nDesde eventos corporativos hasta conciertos y conferencias, nuestro equipo experto se encarga de todos los detalles t\u00e9cnicos para que puedas concentrarte en tu mensaje.<br \/>\nRealizaci\u00f3n en directo.\u00bb font_container=\u00bbtag:h2|font_size:18|text_align:justify|color:%230a0a0a|line_height:1.3&#8243; google_fonts=\u00bbfont_family:Roboto%3A100%2C100italic%2C300%2C300italic%2Cregular%2Citalic%2C500%2C500italic%2C700%2C700italic%2C900%2C900italic|font_style:400%20regular%3A400%3Anormal\u00bb][vc_separator color=\u00bbwhite\u00bb][vc_custom_heading heading_style=\u00bbheading_style_1&#8243; text=\u00bbTransmisi\u00f3n a pantallas\u00bb font_container=\u00bbtag:h1|font_size:30|text_align:left|color:%230a0a0a\u00bb google_fonts=\u00bbfont_family:Roboto%3A100%2C100italic%2C300%2C300italic%2Cregular%2Citalic%2C500%2C500italic%2C700%2C700italic%2C900%2C900italic|font_style:700%20bold%20regular%3A700%3Anormal\u00bb][vc_custom_heading text=\u00bbOpci\u00f3n ideal cuando existen pantallas f\u00edsicas para facilitar la visi\u00f3n del evento, como pasarelas, conciertos o presentaci\u00f3n de productos.<br \/>\nRealizaci\u00f3n en directo.\u00bb font_container=\u00bbtag:h2|font_size:18|text_align:justify|color:%230a0a0a|line_height:1.3&#8243; google_fonts=\u00bbfont_family:Roboto%3A100%2C100italic%2C300%2C300italic%2Cregular%2Citalic%2C500%2C500italic%2C700%2C700italic%2C900%2C900italic|font_style:400%20regular%3A400%3Anormal\u00bb][\/vc_column][vc_column width=\u00bb1\/3&#8243;][\/vc_column][\/vc_row][vc_row][vc_column offset=\u00bbvc_hidden-xs\u00bb][vc_separator color=\u00bbwhite\u00bb]                        <div class=\"  \">\n                <div class=\"footer-gallery-shortcode-wrapper style_1 \">\n    <div class=\"footer-gallery-content\">\n        <ul class=\"image-list columns-3\">\n                                                    <li>\n                        <img decoding=\"async\" src=\"https:\/\/recformedia.com\/wp-content\/uploads\/2024\/04\/Streaming3.jpg\" alt=\"Streaming\">\n                    <\/li>\n                                                                        <li>\n                        <img decoding=\"async\" src=\"https:\/\/recformedia.com\/wp-content\/uploads\/2024\/04\/Streaming2.jpg\" alt=\"Streaming\">\n                    <\/li>\n                                                                        <li>\n                        <img decoding=\"async\" src=\"https:\/\/recformedia.com\/wp-content\/uploads\/2024\/04\/Streaming1.jpg\" alt=\"Streaming \">\n                    <\/li>\n                                        <\/ul>\n    <\/div>\n<\/div>            <\/div>\n                    [\/vc_column][\/vc_row][vc_row full_width=\u00bbstretch_row_content\u00bb][vc_column offset=\u00bbvc_hidden-lg vc_hidden-md vc_hidden-sm\u00bb][vc_single_image image=\u00bb2892&#8243; img_size=\u00bbfull\u00bb alignment=\u00bbcenter\u00bb][vc_single_image image=\u00bb2893&#8243; img_size=\u00bbfull\u00bb alignment=\u00bbcenter\u00bb][vc_single_image image=\u00bb2891&#8243; img_size=\u00bbfull\u00bb alignment=\u00bbcenter\u00bb][\/vc_column][\/vc_row]<\/p>\n<\/div>","protected":false},"excerpt":{"rendered":"<p>[vc_row][vc_column width=\u00bb1\/3&#8243;][\/vc_column][vc_column width=\u00bb1\/3&#8243;][vc_custom_heading heading_style=\u00bbheading_style_1&#8243; text=\u00bbTransmisi\u00f3n en vivo (Live Streaming)\u00bb font_container=\u00bbtag:h1|font_size:30|text_align:left|color:%230a0a0a\u00bb google_fonts=\u00bbfont_family:Roboto%3A100%2C100italic%2C300%2C300italic%2Cregular%2Citalic%2C500%2C500italic%2C700%2C700italic%2C900%2C900italic|font_style:700%20bold%20regular%3A700%3Anormal\u00bb][vc_custom_heading text=\u00bbEsta opci\u00f3n te permite conectarte instant\u00e1neamente con tu audiencia en tiempo real y de forma online a trav\u00e9s de plataformas digitales. Desde eventos corporativos hasta conciertos y conferencias, nuestro equipo experto se encarga de todos los detalles t\u00e9cnicos para que puedas concentrarte en tu [&hellip;]<\/p>\n","protected":false},"author":2,"featured_media":2883,"parent":0,"menu_order":0,"comment_status":"closed","ping_status":"closed","template":"","meta":{"footnotes":""},"class_list":["post-2867","page","type-page","status-publish","has-post-thumbnail","hentry","clearfix"],"_links":{"self":[{"href":"https:\/\/recformedia.com\/index.php?rest_route=\/wp\/v2\/pages\/2867"}],"collection":[{"href":"https:\/\/recformedia.com\/index.php?rest_route=\/wp\/v2\/pages"}],"about":[{"href":"https:\/\/recformedia.com\/index.php?rest_route=\/wp\/v2\/types\/page"}],"author":[{"embeddable":true,"href":"https:\/\/recformedia.com\/index.php?rest_route=\/wp\/v2\/users\/2"}],"replies":[{"embeddable":true,"href":"https:\/\/recformedia.com\/index.php?rest_route=%2Fwp%2Fv2%2Fcomments&post=2867"}],"version-history":[{"count":54,"href":"https:\/\/recformedia.com\/index.php?rest_route=\/wp\/v2\/pages\/2867\/revisions"}],"predecessor-version":[{"id":3085,"href":"https:\/\/recformedia.com\/index.php?rest_route=\/wp\/v2\/pages\/2867\/revisions\/3085"}],"wp:featuredmedia":[{"embeddable":true,"href":"https:\/\/recformedia.com\/index.php?rest_route=\/wp\/v2\/media\/2883"}],"wp:attachment":[{"href":"https:\/\/recformedia.com\/index.php?rest_route=%2Fwp%2Fv2%2Fmedia&parent=2867"}],"curies":[{"name":"wp","href":"https:\/\/api.w.org\/{rel}","templated":true}]}}