{"id":2949,"date":"2024-04-03T10:09:05","date_gmt":"2024-04-03T10:09:05","guid":{"rendered":"https:\/\/3blocksproductions.com\/?page_id=2949"},"modified":"2024-05-19T21:28:06","modified_gmt":"2024-05-19T21:28:06","slug":"contenido-marca","status":"publish","type":"page","link":"https:\/\/recformedia.com\/?page_id=2949","title":{"rendered":"Contenido de Marca"},"content":{"rendered":"<div class=\"wpb-content-wrapper\"><p>[vc_row][vc_column width=\u00bb1\/4&#8243;][\/vc_column][vc_column width=\u00bb1\/2&#8243;][vc_custom_heading heading_style=\u00bbheading_style_1&#8243; text=\u00bbContenido de marca (Branded Content)\u00bb font_container=\u00bbtag:h1|font_size:30|text_align:left|color:%230a0a0a\u00bb google_fonts=\u00bbfont_family:Roboto%3A100%2C100italic%2C300%2C300italic%2Cregular%2Citalic%2C500%2C500italic%2C700%2C700italic%2C900%2C900italic|font_style:700%20bold%20regular%3A700%3Anormal\u00bb][vc_custom_heading text=\u00bbEl Branded Content es una de las herramientas m\u00e1s poderosas del marketing actual, permite a las marcas conectar de manera aut\u00e9ntica con su audiencia, fortalecer su presencia en redes sociales y cultivar relaciones s\u00f3lidas con los clientes. Tener un buen contenido de marca te ayuda a posicionarte en tu sector, crear m\u00e1s engagement en tus publicaciones, atraer nuevos clientes y diferenciarte de la competencia.\u00bb font_container=\u00bbtag:h2|font_size:18|text_align:justify|color:%230a0a0a|line_height:1.5&#8243; google_fonts=\u00bbfont_family:Roboto%3A100%2C100italic%2C300%2C300italic%2Cregular%2Citalic%2C500%2C500italic%2C700%2C700italic%2C900%2C900italic|font_style:400%20regular%3A400%3Anormal\u00bb][vc_separator color=\u00bbwhite\u00bb][\/vc_column][vc_column width=\u00bb1\/4&#8243;][\/vc_column][\/vc_row][vc_row][vc_column offset=\u00bbvc_hidden-xs\u00bb]                        <div class=\"  \">\n                <div class=\"footer-gallery-shortcode-wrapper style_1 \">\n    <div class=\"footer-gallery-content\">\n        <ul class=\"image-list columns-3\">\n                                                    <li>\n                        <img decoding=\"async\" src=\"https:\/\/recformedia.com\/wp-content\/uploads\/2024\/04\/Miniatura_Branded_2.jpg\" alt=\"Branded Content\">\n                    <\/li>\n                                                                        <li>\n                        <img decoding=\"async\" src=\"https:\/\/recformedia.com\/wp-content\/uploads\/2024\/04\/Miniatura_Branded_3.jpg\" alt=\"Branded Content\">\n                    <\/li>\n                                                                        <li>\n                        <img decoding=\"async\" src=\"https:\/\/recformedia.com\/wp-content\/uploads\/2024\/04\/Miniatura_Branded_1.jpg\" alt=\"Eventos\">\n                    <\/li>\n                                        <\/ul>\n    <\/div>\n<\/div>            <\/div>\n                    [\/vc_column][\/vc_row][vc_row full_width=\u00bbstretch_row_content\u00bb][vc_column offset=\u00bbvc_hidden-lg vc_hidden-md vc_hidden-sm\u00bb][vc_single_image image=\u00bb2957&#8243; img_size=\u00bbfull\u00bb alignment=\u00bbcenter\u00bb][vc_single_image image=\u00bb2955&#8243; img_size=\u00bbfull\u00bb alignment=\u00bbcenter\u00bb][vc_single_image image=\u00bb2956&#8243; img_size=\u00bbfull\u00bb alignment=\u00bbcenter\u00bb][\/vc_column][\/vc_row]<\/p>\n<\/div>","protected":false},"excerpt":{"rendered":"<p>[vc_row][vc_column width=\u00bb1\/4&#8243;][\/vc_column][vc_column width=\u00bb1\/2&#8243;][vc_custom_heading heading_style=\u00bbheading_style_1&#8243; text=\u00bbContenido de marca (Branded Content)\u00bb font_container=\u00bbtag:h1|font_size:30|text_align:left|color:%230a0a0a\u00bb google_fonts=\u00bbfont_family:Roboto%3A100%2C100italic%2C300%2C300italic%2Cregular%2Citalic%2C500%2C500italic%2C700%2C700italic%2C900%2C900italic|font_style:700%20bold%20regular%3A700%3Anormal\u00bb][vc_custom_heading text=\u00bbEl Branded Content es una de las herramientas m\u00e1s poderosas del marketing actual, permite a las marcas conectar de manera aut\u00e9ntica con su audiencia, fortalecer su presencia en redes sociales y cultivar relaciones s\u00f3lidas con los clientes. Tener un buen contenido de marca te [&hellip;]<\/p>\n","protected":false},"author":2,"featured_media":2883,"parent":0,"menu_order":0,"comment_status":"closed","ping_status":"closed","template":"","meta":{"footnotes":""},"class_list":["post-2949","page","type-page","status-publish","has-post-thumbnail","hentry","clearfix"],"_links":{"self":[{"href":"https:\/\/recformedia.com\/index.php?rest_route=\/wp\/v2\/pages\/2949"}],"collection":[{"href":"https:\/\/recformedia.com\/index.php?rest_route=\/wp\/v2\/pages"}],"about":[{"href":"https:\/\/recformedia.com\/index.php?rest_route=\/wp\/v2\/types\/page"}],"author":[{"embeddable":true,"href":"https:\/\/recformedia.com\/index.php?rest_route=\/wp\/v2\/users\/2"}],"replies":[{"embeddable":true,"href":"https:\/\/recformedia.com\/index.php?rest_route=%2Fwp%2Fv2%2Fcomments&post=2949"}],"version-history":[{"count":9,"href":"https:\/\/recformedia.com\/index.php?rest_route=\/wp\/v2\/pages\/2949\/revisions"}],"predecessor-version":[{"id":2965,"href":"https:\/\/recformedia.com\/index.php?rest_route=\/wp\/v2\/pages\/2949\/revisions\/2965"}],"wp:featuredmedia":[{"embeddable":true,"href":"https:\/\/recformedia.com\/index.php?rest_route=\/wp\/v2\/media\/2883"}],"wp:attachment":[{"href":"https:\/\/recformedia.com\/index.php?rest_route=%2Fwp%2Fv2%2Fmedia&parent=2949"}],"curies":[{"name":"wp","href":"https:\/\/api.w.org\/{rel}","templated":true}]}}