{"id":2974,"date":"2024-04-03T14:01:14","date_gmt":"2024-04-03T14:01:14","guid":{"rendered":"https:\/\/3blocksproductions.com\/?page_id=2974"},"modified":"2024-04-04T20:36:06","modified_gmt":"2024-04-04T20:36:06","slug":"fashion-films","status":"publish","type":"page","link":"https:\/\/recformedia.com\/?page_id=2974","title":{"rendered":"Fashion Films"},"content":{"rendered":"<div class=\"wpb-content-wrapper\"><p>[vc_row][vc_column width=\u00bb1\/4&#8243;][\/vc_column][vc_column width=\u00bb1\/2&#8243;][vc_custom_heading heading_style=\u00bbheading_style_1&#8243; text=\u00bbFashion Films\u00bb font_container=\u00bbtag:h1|font_size:30|text_align:left|color:%230a0a0a\u00bb google_fonts=\u00bbfont_family:Roboto%3A100%2C100italic%2C300%2C300italic%2Cregular%2Citalic%2C500%2C500italic%2C700%2C700italic%2C900%2C900italic|font_style:700%20bold%20regular%3A700%3Anormal\u00bb][vc_custom_heading text=\u00bbFusionamos el mundo del cine con el de la moda, ofreciendo una visi\u00f3n creativa y art\u00edstica de tu marca, colecci\u00f3n o concepto relacionado con la moda. Creamos una narrativa, un estilo visual y una est\u00e9tica, transmitiendo unas emociones determinadas en lugar de simplemente promocionar productos.<\/p>\n<p>Los Fashion Films son una forma innovadora y creativa de presentar la moda, explorando la narrativa y la est\u00e9tica para inspirar y cautivar a la audiencia, al tiempo que refuerzan la identidad y el posicionamiento de la marca en el mercado.\u00bb font_container=\u00bbtag:h2|font_size:18|text_align:justify|color:%230a0a0a|line_height:1.5&#8243; google_fonts=\u00bbfont_family:Roboto%3A100%2C100italic%2C300%2C300italic%2Cregular%2Citalic%2C500%2C500italic%2C700%2C700italic%2C900%2C900italic|font_style:400%20regular%3A400%3Anormal\u00bb][vc_separator color=\u00bbwhite\u00bb][\/vc_column][vc_column width=\u00bb1\/4&#8243;][\/vc_column][\/vc_row][vc_row][vc_column offset=\u00bbvc_hidden-xs\u00bb]                        <div class=\"  \">\n                <div class=\"footer-gallery-shortcode-wrapper style_1 \">\n    <div class=\"footer-gallery-content\">\n        <ul class=\"image-list columns-4\">\n                                                    <li>\n                        <img decoding=\"async\" src=\"https:\/\/recformedia.com\/wp-content\/uploads\/2024\/04\/Miniatura_Fashion4.jpg\" alt=\"Fashion Films\">\n                    <\/li>\n                                                                        <li>\n                        <img decoding=\"async\" src=\"https:\/\/recformedia.com\/wp-content\/uploads\/2024\/04\/Miniatura_Fashion5.jpg\" alt=\"Fashion Films\">\n                    <\/li>\n                                                                        <li>\n                        <img decoding=\"async\" src=\"https:\/\/recformedia.com\/wp-content\/uploads\/2024\/04\/Miniatura_Fashion3.jpg\" alt=\"Fashion Films\">\n                    <\/li>\n                                                                        <li>\n                        <img decoding=\"async\" src=\"https:\/\/recformedia.com\/wp-content\/uploads\/2024\/04\/Miniatura_Fashion2.jpg\" alt=\"Fashion Films\">\n                    <\/li>\n                                        <\/ul>\n    <\/div>\n<\/div>            <\/div>\n                    [\/vc_column][\/vc_row][vc_row full_width=\u00bbstretch_row_content\u00bb][vc_column offset=\u00bbvc_hidden-lg vc_hidden-md vc_hidden-sm\u00bb][vc_single_image image=\u00bb2981&#8243; img_size=\u00bbfull\u00bb alignment=\u00bbcenter\u00bb][vc_single_image image=\u00bb2982&#8243; img_size=\u00bbfull\u00bb alignment=\u00bbcenter\u00bb][vc_single_image image=\u00bb2987&#8243; img_size=\u00bbfull\u00bb alignment=\u00bbcenter\u00bb][vc_single_image image=\u00bb2986&#8243; img_size=\u00bbfull\u00bb alignment=\u00bbcenter\u00bb][\/vc_column][\/vc_row]<\/p>\n<\/div>","protected":false},"excerpt":{"rendered":"<p>[vc_row][vc_column width=\u00bb1\/4&#8243;][\/vc_column][vc_column width=\u00bb1\/2&#8243;][vc_custom_heading heading_style=\u00bbheading_style_1&#8243; text=\u00bbFashion Films\u00bb font_container=\u00bbtag:h1|font_size:30|text_align:left|color:%230a0a0a\u00bb google_fonts=\u00bbfont_family:Roboto%3A100%2C100italic%2C300%2C300italic%2Cregular%2Citalic%2C500%2C500italic%2C700%2C700italic%2C900%2C900italic|font_style:700%20bold%20regular%3A700%3Anormal\u00bb][vc_custom_heading text=\u00bbFusionamos el mundo del cine con el de la moda, ofreciendo una visi\u00f3n creativa y art\u00edstica de tu marca, colecci\u00f3n o concepto relacionado con la moda. Creamos una narrativa, un estilo visual y una est\u00e9tica, transmitiendo unas emociones determinadas en lugar de simplemente promocionar productos. Los Fashion [&hellip;]<\/p>\n","protected":false},"author":2,"featured_media":2883,"parent":0,"menu_order":0,"comment_status":"closed","ping_status":"closed","template":"","meta":{"footnotes":""},"class_list":["post-2974","page","type-page","status-publish","has-post-thumbnail","hentry","clearfix"],"_links":{"self":[{"href":"https:\/\/recformedia.com\/index.php?rest_route=\/wp\/v2\/pages\/2974"}],"collection":[{"href":"https:\/\/recformedia.com\/index.php?rest_route=\/wp\/v2\/pages"}],"about":[{"href":"https:\/\/recformedia.com\/index.php?rest_route=\/wp\/v2\/types\/page"}],"author":[{"embeddable":true,"href":"https:\/\/recformedia.com\/index.php?rest_route=\/wp\/v2\/users\/2"}],"replies":[{"embeddable":true,"href":"https:\/\/recformedia.com\/index.php?rest_route=%2Fwp%2Fv2%2Fcomments&post=2974"}],"version-history":[{"count":10,"href":"https:\/\/recformedia.com\/index.php?rest_route=\/wp\/v2\/pages\/2974\/revisions"}],"predecessor-version":[{"id":2989,"href":"https:\/\/recformedia.com\/index.php?rest_route=\/wp\/v2\/pages\/2974\/revisions\/2989"}],"wp:featuredmedia":[{"embeddable":true,"href":"https:\/\/recformedia.com\/index.php?rest_route=\/wp\/v2\/media\/2883"}],"wp:attachment":[{"href":"https:\/\/recformedia.com\/index.php?rest_route=%2Fwp%2Fv2%2Fmedia&parent=2974"}],"curies":[{"name":"wp","href":"https:\/\/api.w.org\/{rel}","templated":true}]}}